{"id":16,"date":"2025-04-11T14:13:15","date_gmt":"2025-04-11T11:13:15","guid":{"rendered":"https:\/\/iveriaslot.club\/?page_id=16"},"modified":"2025-04-19T01:34:58","modified_gmt":"2025-04-18T22:34:58","slug":"anasayfa","status":"publish","type":"page","link":"https:\/\/iveriaslot.club\/","title":{"rendered":"Anasayfa"},"content":{"rendered":"\n<div class=\"wp-block-cover alignfull is-light wp-duotone-unset-1\" style=\"min-height:720px;aspect-ratio:unset;\"><span aria-hidden=\"true\" class=\"wp-block-cover__background has-background-dim-100 has-background-dim has-background-gradient\" style=\"background:linear-gradient(35deg,rgb(6,0,151) 0%,rgb(130,4,255) 73%,rgb(193,15,255) 100%)\"><\/span><div class=\"wp-block-cover__inner-container is-layout-flow wp-block-cover-is-layout-flow\">\n<div class=\"inherit-container-width wp-block-group alignwide is-layout-constrained wp-block-group-is-layout-constrained\">\n<div class=\"wp-block-media-text alignwide has-media-on-the-right is-stacked-on-mobile is-vertically-aligned-center\" style=\"grid-template-columns:auto 40%\"><div class=\"wp-block-media-text__content\">\n<h1 class=\"wp-block-heading has-text-align-left has-white-color has-text-color\" id=\"h-iveriaslot-zoom-casino\"><a href=\"https:\/\/iveriaslot.club\/\">\u0130veriaslot<\/a> Zoom Casino<\/h1>\n\n\n\n<p class=\"has-white-color has-text-color\">\u0130veriaslot ile heyecan dolu d\u00fcnyas\u0131nda yerinizi al\u0131n! S\u00fcrekli g\u00fcncellenen platformumuzda, 7\/24 kesintisiz hizmetin yan\u0131 s\u0131ra, y\u00fcksek kazan\u00e7 oranlar\u0131 ve kullan\u0131c\u0131 dostu aray\u00fcz\u00fcm\u00fczle e\u011flencenin keyfini \u00e7\u0131kar\u0131n. En pop\u00fcler slot oyunlar\u0131, h\u0131zl\u0131 \u00f6deme sistemi ve g\u00fcvenli altyap\u0131m\u0131zla oyun deneyiminizi bir ad\u0131m ileriye ta\u015f\u0131yoruz. Bizi ke\u015ffedin, kazan\u00e7lar sizi bekliyor!<\/p>\n\n\n\n<div class=\"wp-block-buttons is-layout-flex wp-block-buttons-is-layout-flex\">\n<div class=\"wp-block-button\"><a class=\"wp-block-button__link wp-element-button\" href=\"https:\/\/heylink.me\/k\u0131br\u0131szoom\/\" target=\"_blank\" rel=\"noopener\">ZOOM CAS\u0130NO&#8217;YA BA\u011eLAN<\/a><\/div>\n<\/div>\n<\/div><figure class=\"wp-block-media-text__media\"><img decoding=\"async\" src=\"https:\/\/iveriaslot.xyz\/wp-content\/uploads\/2025\/04\/imeria-giris-1024x1024.png\" alt=\"\" class=\"wp-image-24 size-full\"\/><\/figure><\/div>\n<\/div>\n<\/div><\/div>\n\n\n\n<div class=\"wp-block-group alignfull has-ast-global-color-5-background-color has-background is-layout-constrained wp-container-core-group-is-layout-9cedb757 wp-block-group-is-layout-constrained\" style=\"padding-bottom:0px\">\n<div class=\"wp-block-columns are-vertically-aligned-top is-layout-flex wp-container-core-columns-is-layout-00723822 wp-block-columns-is-layout-flex\">\n<div class=\"wp-block-column is-vertically-aligned-top is-layout-flow wp-container-core-column-is-layout-6b73ce23 wp-block-column-is-layout-flow\">\n<figure class=\"wp-block-image size-large\"><img decoding=\"async\" src=\"https:\/\/zoomcasinogiris.net\/wp-content\/themes\/astra\/inc\/assets\/images\/starter-content\/building.svg\" alt=\"\" class=\"wp-image-134\"\/><\/figure>\n\n\n\n<h3 class=\"wp-block-heading has-text-align-left\" id=\"h-vip\" style=\"margin-top:16px\">VIP<\/h3>\n\n\n\n<p class=\"has-text-align-left\">\u00d6zel promosyonlarla ba\u015flaman\u0131n tam zaman\u0131! Y\u00fcksek oranl\u0131 bonuslarla kazanc\u0131n\u0131z\u0131 katlay\u0131n ve ki\u015fiye \u00f6zel hizmetlerle fark\u0131n\u0131z\u0131 ortaya koyun. VIP \u00fcyelerimiz i\u00e7in her \u015fey daha avantajl\u0131, daha \u00f6ncelikli ve her ad\u0131mda bir ad\u0131m \u00f6nde! \u0130veriaslot\u2019ta kazan\u00e7lar\u0131n\u0131z\u0131 en \u00fcst d\u00fczeye ta\u015f\u0131y\u0131n, ayr\u0131cal\u0131kl\u0131 f\u0131rsatlar\u0131 ka\u00e7\u0131rmay\u0131n.<\/p>\n<\/div>\n\n\n\n<div class=\"wp-block-column is-vertically-aligned-top is-layout-flow wp-container-core-column-is-layout-6b73ce23 wp-block-column-is-layout-flow\">\n<figure class=\"wp-block-image size-large\"><img decoding=\"async\" src=\"https:\/\/zoomcasinogiris.net\/wp-content\/themes\/astra\/inc\/assets\/images\/starter-content\/shopping-bag.svg\" alt=\"\" class=\"wp-image-135\"\/><\/figure>\n\n\n\n<h3 class=\"wp-block-heading has-text-align-left\" id=\"h-online\" style=\"margin-top:16px\">ONL\u0130NE<\/h3>\n\n\n\n<p class=\"has-text-align-left\">\u0130ster mobilde ister masa\u00fcst\u00fcnde, nerede olursan\u0131z olun oyun keyfini kesintisiz ya\u015fay\u0131n! Her an ba\u011flant\u0131da kal\u0131n, oyuna kald\u0131\u011f\u0131n\u0131z yerden h\u0131zla devam edin ve e\u011flencenin ritmini asla kaybetmeyin. \u0130veriaslot\u2019la, her zaman ve her yerde e\u011flencenin zirvesindesiniz!<\/p>\n<\/div>\n\n\n\n<div class=\"wp-block-column is-vertically-aligned-top is-layout-flow wp-container-core-column-is-layout-6b73ce23 wp-block-column-is-layout-flow\">\n<figure class=\"wp-block-image size-large\"><img decoding=\"async\" src=\"https:\/\/zoomcasinogiris.net\/wp-content\/themes\/astra\/inc\/assets\/images\/starter-content\/blog.svg\" alt=\"\" class=\"wp-image-136\"\/><\/figure>\n\n\n\n<h3 class=\"wp-block-heading has-text-align-left\" id=\"h-temsilci\" style=\"margin-top:16px\">TEMS\u0130LC\u0130<\/h3>\n\n\n\n<p class=\"has-text-align-left\">Sorular\u0131n\u0131z ne olursa olsun, uzman ekibimiz her zaman yan\u0131n\u0131zda! H\u0131zl\u0131 yan\u0131tlar, an\u0131nda \u00e7\u00f6z\u00fcmler ve g\u00fcvenli bir deneyim i\u00e7in canl\u0131 deste\u011fimizle her ad\u0131mda yan\u0131n\u0131zday\u0131z. Anl\u0131k destek, etkili \u00e7\u00f6z\u00fcmler ve %100 memnuniyet garantisiyle \u0130veriaslot\u2019ta fark\u0131 ke\u015ffedin!<\/p>\n<\/div>\n\n\n\n<div class=\"wp-block-column is-vertically-aligned-top is-layout-flow wp-container-core-column-is-layout-6b73ce23 wp-block-column-is-layout-flow\">\n<figure class=\"wp-block-image size-large\"><img decoding=\"async\" src=\"https:\/\/zoomcasinogiris.net\/wp-content\/themes\/astra\/inc\/assets\/images\/starter-content\/portfolio.svg\" alt=\"\" class=\"wp-image-137\"\/><\/figure>\n\n\n\n<h3 class=\"wp-block-heading has-text-align-left\" id=\"h-bonus\" style=\"margin-top:16px\">BONUS<\/h3>\n\n\n\n<p class=\"has-text-align-left\">Ho\u015f geldin bonusu ile ba\u015flamak, ard\u0131ndan yat\u0131r\u0131m promosyonlar\u0131yla kazanc\u0131n\u0131z\u0131 h\u0131zla art\u0131rmak i\u00e7in harika bir f\u0131rsat! S\u00fcrpriz \u00f6d\u00fcllerle dolu bonus d\u00fcnyas\u0131nda e\u011flencenin tad\u0131n\u0131 \u00e7\u0131kar\u0131n. Her ad\u0131mda daha fazla kazan\u00e7 ve f\u0131rsat sizi bekliyor, \u0130veriaslot\u2019ta kazanc\u0131n\u0131z\u0131 bir \u00fcst seviyeye ta\u015f\u0131y\u0131n!<\/p>\n<\/div>\n<\/div>\n<\/div>\n\n\n\n<div class=\"wp-block-group alignfull is-layout-constrained wp-container-core-group-is-layout-45b0ac4f wp-block-group-is-layout-constrained\" id=\"services\" style=\"padding-top:144px;padding-bottom:0px\">\n<h2 class=\"wp-block-heading\" id=\"h-canli-slot-oyunlari\">CANLI SLOT OYUNLARI<\/h2>\n\n\n\n<div class=\"wp-block-columns is-layout-flex wp-container-core-columns-is-layout-60cbf9bb wp-block-columns-is-layout-flex\" style=\"margin-top:50px\">\n<div class=\"wp-block-column is-layout-flow wp-container-core-column-is-layout-6b73ce23 wp-block-column-is-layout-flow\">\n<h3 class=\"wp-block-heading\" id=\"h-iveriaslot-casino-destek\" style=\"margin-top:16px\"><img decoding=\"async\" class=\"wp-image-23\" style=\"width: 550px;\" src=\"https:\/\/iveriaslot.xyz\/wp-content\/uploads\/2025\/04\/iverio-login.png\" alt=\"\"><br><br>\ud83c\udfa7 <strong>\u0130veriaslot<\/strong> Casino Destek<\/h3>\n\n\n\n<p><strong>Casino Deneyiminiz Boyunca, Ne Zaman \u0130htiyac\u0131n\u0131z Olursa Olsun, Tecr\u00fcbeli Ekibimiz Her Zaman Yan\u0131n\u0131zda!<\/strong><br>Sorular\u0131n\u0131za h\u0131zl\u0131 ve etkili \u00e7\u00f6z\u00fcmler sunarak oyun keyfinizi kesintisiz s\u00fcrd\u00fcr\u00fcyor ve her ad\u0131mda yan\u0131n\u0131zda oluyoruz. B\u00f6ylece, her an oyun deneyiminizi sorunsuz hale getirecek destek ile g\u00fcvenle ilerlemenizi sa\u011fl\u0131yoruz. Ekibimiz, oyun s\u00fcreciniz boyunca size her t\u00fcrl\u00fc yard\u0131m\u0131 sunmak i\u00e7in haz\u0131r; dolay\u0131s\u0131yla hi\u00e7bir sorun, e\u011flencenizi engelleyemez!<\/p>\n<\/div>\n\n\n\n<div class=\"wp-block-column is-layout-flow wp-container-core-column-is-layout-6b73ce23 wp-block-column-is-layout-flow\">\n<figure class=\"wp-block-image aligncenter size-full is-resized\"><img decoding=\"async\" src=\"https:\/\/724liveslots.xyz\/wp-content\/uploads\/2025\/04\/makine.png\" alt=\"\" class=\"wp-image-23\" style=\"width:229px;height:auto\"\/><\/figure>\n\n\n\n<h3 class=\"wp-block-heading\" id=\"h-iveriaslot-canli-oyun\" style=\"margin-top:16px\">\ud83c\udfb2 <strong>\u0130veriaslot<\/strong> Canl\u0131 Oyun<\/h3>\n\n\n\n<p><strong>Canl\u0131 Yay\u0131nla Oyunun \u0130\u00e7ine Ad\u0131m At\u0131n, Ger\u00e7ek Bir Casino Deneyimi Ya\u015fay\u0131n ve Kazanc\u0131n\u0131z\u0131 Anl\u0131k Olarak Art\u0131r\u0131n!<\/strong><br>Her an, her yerde e\u011flencenin ve aksiyonun zirvesine ula\u015farak, oyunun heyecan\u0131n\u0131 hi\u00e7 durmaks\u0131z\u0131n ke\u015ffedin. \u0130veriaslot\u2019ta, ger\u00e7ek krupiyelerle dolu bu heyecan dolu d\u00fcnyaya ad\u0131m att\u0131\u011f\u0131n\u0131z anda kazanc\u0131n\u0131z\u0131 h\u0131zla art\u0131racak f\u0131rsatlar kar\u015f\u0131n\u0131za \u00e7\u0131kacak. B\u00f6ylece her t\u0131kla, her oyunda yeni bir heyecan ve kazan\u00e7 sizi bekliyor. Bunun yan\u0131 s\u0131ra oynamaya ba\u015flad\u0131\u011f\u0131n\u0131zda, e\u011flencenin tam ortas\u0131nda oldu\u011funuzu hissedecek ve her an daha fazla kazanma f\u0131rsat\u0131n\u0131 yakalayacaks\u0131n\u0131z!<\/p>\n\n\n\n<p><br><\/p>\n<\/div>\n\n\n\n<div class=\"wp-block-column is-layout-flow wp-container-core-column-is-layout-6b73ce23 wp-block-column-is-layout-flow\">\n<figure class=\"wp-block-image size-full is-resized\"><img decoding=\"async\" src=\"https:\/\/iveriaslot.xyz\/wp-content\/uploads\/2025\/04\/iveria-slot.png\" alt=\"\" class=\"wp-image-22\" style=\"width:333px;height:auto\"\/><\/figure>\n\n\n\n<h3 class=\"wp-block-heading\" id=\"h-iveriaslot-casino-avantaji\" style=\"margin-top:16px\">\ud83c\udfc6<a href=\"https:\/\/iveriaslot.com\/\" data-type=\"link\" data-id=\"https:\/\/iveriaslot.com\/\" target=\"_blank\" rel=\"noopener\"> <strong>\u0130veriaslot<\/strong> <\/a>Casino Avantaj\u0131<\/h3>\n\n\n\n<p><strong>Kazanma \u015eans\u0131n\u0131z\u0131 Art\u0131ran Y\u00fcksek Oranlar ve \u00d6zel Bonuslarla, Her An Daha Fazla \u00d6d\u00fcl Kazanma F\u0131rsat\u0131n\u0131 Yakalay\u0131n!<\/strong><br>Bu f\u0131rsatlar sayesinde, s\u0131n\u0131rs\u0131z e\u011flenceye ad\u0131m atarak yeni oyunlarla kazanc\u0131n\u0131z\u0131 s\u00fcrekli art\u0131rabilirsiniz. Her yeni oyun, size sadece daha fazla heyecan sunmakla kalmaz, ayn\u0131 zamanda kazanc\u0131n\u0131z\u0131 da h\u0131zla y\u00fckseltir. Her an yeni f\u0131rsatlar sizi bekliyor; her t\u0131kla kazan\u00e7lar\u0131n\u0131z\u0131 katlay\u0131n ve e\u011flencenin zirvesine ula\u015f\u0131n!<\/p>\n<\/div>\n<\/div>\n<\/div>\n\n\n\n<div class=\"wp-block-group alignfull has-ast-global-color-5-background-color has-background is-layout-constrained wp-container-core-group-is-layout-94d206d0 wp-block-group-is-layout-constrained\" id=\"about\" style=\"padding-top:143px;padding-bottom:144px\">\n<div class=\"wp-block-media-text alignfull has-media-on-the-right is-stacked-on-mobile is-vertically-aligned-center\" style=\"grid-template-columns:auto 33%\"><div class=\"wp-block-media-text__content\">\n<div class=\"inherit-container-width wp-block-group is-layout-constrained wp-container-core-group-is-layout-47ce07ec wp-block-group-is-layout-constrained\" style=\"padding-right:80px\">\n<h2 class=\"wp-block-heading alignfull\" id=\"h-kibris-in-en-iyi-casinolari-kibris-zoom-slot-ta\" style=\"padding-right:40px\">K\u0131br\u0131s\u2019\u0131n En \u0130yi Casinolar\u0131 K\u0131br\u0131s Zoom Slot&#8217;ta!<\/h2>\n\n\n\n<p><strong>Zoom Casino, K\u0131br\u0131s\u2019\u0131n En Prestijli Casino Otellerini Bir Araya Getiriyor!<\/strong><br>K\u0131br\u0131s\u2019\u0131n en se\u00e7kin casino otelleriyle bir araya gelen Zoom Casino, masa oyunlar\u0131nda her seviyeye hitap eden geni\u015f se\u00e7enekler sunarak herkesin ihtiya\u00e7lar\u0131na cevap veriyor. En g\u00fcncel promosyonlarla s\u00fcrekli yeni f\u0131rsatlar sunan bu platform, kullan\u0131c\u0131lar\u0131na kesintisiz heyecan ve kazan\u00e7 imkan\u0131 sa\u011fl\u0131yor. Ayr\u0131ca, yeni nesil casino deneyimini bir arada bulu\u015fturan bu rehberle her an avantajlar ve heyecan hep sizinle! K\u0131br\u0131s casinolar\u0131 hakk\u0131nda arad\u0131\u011f\u0131n\u0131z t\u00fcm bilgilere, f\u0131rsatlara ve deneyimlere kolayca ula\u015fabilirsiniz.<\/p>\n\n\n\n<ul class=\"wp-block-list\">\n<li>\ud83d\udccd K\u0131br\u0131s\u2019\u0131n En Pop\u00fcler Kumarhaneleri<\/li>\n\n\n\n<li>\ud83c\udfb0 Zengin Slot ve Masa Oyunu Se\u00e7enekleri<\/li>\n\n\n\n<li>\ud83d\udcbc \u00d6zel Hizmet Sunan Profesyonel Casino Otelleri<\/li>\n\n\n\n<li>\ud83d\udece\ufe0f VIP Hizmet, L\u00fcks Transfer ve Konaklama Ayr\u0131cal\u0131klar\u0131<\/li>\n<\/ul>\n\n\n\n<p>\ud83d\udc49 Art\u0131k K\u0131br\u0131s casinolar\u0131na gitmeden \u00f6nce t\u00fcm bilgileri <a href=\"http:\/\/kibriszoomslot.com\/\" target=\"_blank\" rel=\"noopener\"><strong>K\u0131br\u0131s Zoom Slot<\/strong><\/a> \u00fczerinden kolayca inceleyebilirsiniz!<\/p>\n<\/div>\n<\/div><figure class=\"wp-block-media-text__media\"><img decoding=\"async\" src=\"https:\/\/724liveslots.xyz\/wp-content\/uploads\/2025\/04\/logo.png\" alt=\"\" class=\"wp-image-25 size-full\"\/><\/figure><\/div>\n<\/div>\n\n\n\n<div class=\"wp-block-group alignfull has-ast-global-color-4-background-color has-background is-layout-constrained wp-container-core-group-is-layout-6a2cfb7b wp-block-group-is-layout-constrained\" id=\"reviews\">\n<h2 class=\"wp-block-heading has-text-align-center\" id=\"h-zoom-casino-neden-farkli\" style=\"font-size:22px\"><strong>Zoom Casino Neden Farkl\u0131?<\/strong><\/h2>\n\n\n\n<p><strong>Benzersiz Bilgi Zenginli\u011fi:<\/strong> Her casino i\u00e7in detayl\u0131 i\u00e7erikler, ger\u00e7ek kullan\u0131c\u0131 geri bildirimleri ve g\u00fcncel bilgilerle kar\u015f\u0131n\u0131zday\u0131z.<\/p>\n\n\n\n<p><strong>Mobil Uyumlu ve H\u0131zl\u0131:<\/strong> Nerede olursan\u0131z olun, telefonunuzla casinolar\u0131 ke\u015ffetmenin keyfini \u00e7\u0131kar\u0131n.<\/p>\n\n\n\n<p><strong>An\u0131nda \u0130leti\u015fim:<\/strong> Oynamaya karar verdi\u011finizde, tek t\u0131kla casino ile kolayca ba\u011flant\u0131ya ge\u00e7in.<\/p>\n\n\n\n<p><strong>Sorumlu Oyun Anlay\u0131\u015f\u0131:<\/strong> G\u00fcvenli ve etik oyun deneyimini her zaman destekliyoruz.<\/p>\n\n\n\n<p><\/p>\n\n\n\n<p class=\"has-text-align-center\"><a href=\"https:\/\/www.kibriszoomslot.com\/\" data-type=\"link\" data-id=\"https:\/\/www.kibriszoomslot.com\/\" target=\"_blank\" rel=\"noopener\">k\u0131br\u0131s zoom slot<\/a><\/p>\n<\/div>\n\n\n\n<div class=\"wp-block-group alignfull is-layout-constrained wp-container-core-group-is-layout-3fee123f wp-block-group-is-layout-constrained\" id=\"whyus\" style=\"padding-top:144px;padding-bottom:144px\">\n<h2 class=\"wp-block-heading\" id=\"h-neden-biz\">NEDEN B\u0130Z?<\/h2>\n\n\n\n<div class=\"wp-block-columns is-layout-flex wp-container-core-columns-is-layout-29aadeec wp-block-columns-is-layout-flex\" style=\"margin-top:60px\">\n<div class=\"wp-block-column is-layout-flow wp-container-core-column-is-layout-6b73ce23 wp-block-column-is-layout-flow\">\n<figure class=\"wp-block-image size-large\"><img decoding=\"async\" src=\"https:\/\/zoomcasinogiris.net\/wp-content\/themes\/astra\/inc\/assets\/images\/starter-content\/passionate.svg\" alt=\"\" class=\"wp-image-162\"\/><\/figure>\n\n\n\n<h3 class=\"wp-block-heading\" id=\"h-kayit\" style=\"margin-top:16px\">\u2705 Kay\u0131t<\/h3>\n\n\n\n<p><strong>Kay\u0131t \u0130\u015flemini Saniyeler \u0130\u00e7inde Tamamlay\u0131n, Kazanma F\u0131rsatlar\u0131n\u0131 Yakalay\u0131n ve \u0130veriaslot\u2019un Heyecan Dolu D\u00fcnyas\u0131na H\u0131zla Kat\u0131l\u0131n!<\/strong><br>E\u011flence ve kazan\u00e7lar sadece bir t\u0131k uzakl\u0131kta; hemen kaydolarak aksiyonun merkezine ad\u0131m at\u0131n. Her ad\u0131mda yeni f\u0131rsatlar ke\u015ffedecek, kazan\u00e7lar\u0131n\u0131z\u0131 h\u0131zla art\u0131racak ve oyunun ritmini hi\u00e7 durmaks\u0131z\u0131n yakalayacaks\u0131n\u0131z. Hemen kaydolun, keyifli anlar sizleri bekliyor!<\/p>\n<\/div>\n\n\n\n<div class=\"wp-block-column is-layout-flow wp-container-core-column-is-layout-6b73ce23 wp-block-column-is-layout-flow\">\n<figure class=\"wp-block-image size-large\"><img decoding=\"async\" src=\"https:\/\/zoomcasinogiris.net\/wp-content\/themes\/astra\/inc\/assets\/images\/starter-content\/professional.svg\" alt=\"\" class=\"wp-image-163\"\/><\/figure>\n\n\n\n<h3 class=\"wp-block-heading\" id=\"h-aninda-cekim\" style=\"margin-top:16px\">\ud83d\udcb8 An\u0131nda \u00c7ekim<\/h3>\n\n\n\n<p><strong>\u0130veriaslot\u2019ta Kazanc\u0131n\u0131z\u0131 Bekleme S\u00fcresi Olmadan, G\u00fcvenli Bir \u015eekilde ve An\u0131nda \u00c7ekebilirsiniz!<\/strong><br>H\u0131zl\u0131 ve kolay \u00e7ekim imkan\u0131yla, kazan\u00e7lar\u0131n\u0131za her zaman an\u0131nda ula\u015fabilir, b\u00f6ylece istedi\u011finiz zaman rahat\u00e7a \u00e7ekim yapabilirsiniz. Her ad\u0131mda, kazanc\u0131n\u0131z\u0131n h\u0131zla hesab\u0131n\u0131za aktar\u0131lmas\u0131yla rahat bir oyun deneyimi ya\u015fay\u0131n. \u0130veriaslot\u2019ta \u00e7ekim i\u015flemleriniz her zaman g\u00fcvenli, kesintisiz ve sorunsuz olacak!<\/p>\n<\/div>\n\n\n\n<div class=\"wp-block-column is-layout-flow wp-container-core-column-is-layout-6b73ce23 wp-block-column-is-layout-flow\">\n<figure class=\"wp-block-image size-large\"><img decoding=\"async\" src=\"https:\/\/zoomcasinogiris.net\/wp-content\/themes\/astra\/inc\/assets\/images\/starter-content\/support.svg\" alt=\"\" class=\"wp-image-164\"\/><\/figure>\n\n\n\n<h3 class=\"wp-block-heading\" id=\"h-7-24-online-oyun\" style=\"margin-top:16px\">\ud83c\udfae 7\/24 Online Oyun<\/h3>\n\n\n\n<p><strong>\u0130veriaslot\u2019ta \u00c7ekim \u0130\u015flemleri H\u0131zl\u0131, G\u00fcvenli ve Kesintisiz Bir \u015eekilde Ger\u00e7ekle\u015fir!<\/strong><br>Kazanc\u0131n\u0131z an\u0131nda hesab\u0131n\u0131za aktar\u0131l\u0131r, b\u00f6ylece bekleme derdini tamamen unutursunuz ve an\u0131nda keyfini \u00e7\u0131kar\u0131rs\u0131n\u0131z. \u00dcstelik, her an eri\u015febilece\u011finiz s\u0131n\u0131rs\u0131z e\u011flence sizleri bekliyor. \u0130veriaslot\u2019ta, 7\/24 online oyun keyfiyle her zaman yan\u0131n\u0131zday\u0131z; her t\u0131kla yeni f\u0131rsatlar ve heyecanlar ke\u015ffedeceksiniz!<\/p>\n<\/div>\n<\/div>\n<\/div>\n\n\n\n<div class=\"wp-block-group alignfull has-background is-layout-constrained wp-container-core-group-is-layout-cfcca693 wp-block-group-is-layout-constrained\" id=\"contact\" style=\"background:linear-gradient(35deg,rgb(6,0,151) 0%,rgb(130,4,255) 64%,rgb(193,15,255) 98%);padding-top:104px;padding-bottom:104px\">\n<h2 class=\"wp-block-heading has-text-align-center has-text-color\" id=\"h-kibris-zoom-slot\" style=\"color:#ffffff\">KIBRIS ZOOM SLOT<\/h2>\n\n\n\n<h2 class=\"wp-block-heading has-text-align-center has-text-color\" id=\"h-hemen-basla-eglenceye-zoom-la-yaklas\" style=\"color:#ffffff\">\ud83d\udcde Hemen Ba\u015fla \u2013 E\u011flenceye Zoom\u2019la Yakla\u015f!<\/h2>\n\n\n\n<div class=\"wp-block-buttons alignwide is-horizontal is-content-justification-center is-layout-flex wp-container-core-buttons-is-layout-bba8380a wp-block-buttons-is-layout-flex\" style=\"margin-top:50px\">\n<div class=\"wp-block-button\"><a class=\"wp-block-button__link wp-element-button\" href=\"https:\/\/heylink.me\/k\u0131br\u0131szoom\/\" target=\"_blank\" rel=\"noopener\">ZOOM CAS\u0130NO&#8217;YA BA\u011eLAN<\/a><\/div>\n<\/div>\n<\/div>\n\n\n\n<div class=\"wp-block-group alignfull has-ast-global-color-4-background-color has-background is-layout-constrained wp-container-core-group-is-layout-6a2cfb7b wp-block-group-is-layout-constrained\" id=\"reviews\">\n<h2 class=\"wp-block-heading has-text-align-center\" id=\"h-sadece-oyun-degil-deneyim-sunuyoruz\" style=\"font-size:22px\">\ud83e\udde0 Sadece Oyun De\u011fil, Deneyim Sunuyoruz!<\/h2>\n\n\n\n<p>K\u0131br\u0131s Zoom Slot yaln\u0131zca bir listeleme platformu de\u011fil; ayn\u0131 zamanda kullan\u0131c\u0131ya <strong>se\u00e7im yapma \u00f6zg\u00fcrl\u00fc\u011f\u00fc<\/strong> ve <strong>do\u011fru karar verme deste\u011fi<\/strong> sunar.<br>Kumarhane d\u00fcnyas\u0131na ad\u0131m atmak isteyenler i\u00e7in:<\/p>\n\n\n\n<ol class=\"wp-block-list\">\n<li>\ud83c\udf93 Casino Rehber Yaz\u0131lar\u0131<\/li>\n\n\n\n<li>\ud83d\udcc5 G\u00fcnl\u00fck Etkinlik Takvimi<\/li>\n\n\n\n<li>\ud83d\udcac Canl\u0131 destek ile 7\/24 bilgi hizmeti<\/li>\n\n\n\n<li>\ud83c\udf81 Kampanyalar ve Bonuslar<\/li>\n<\/ol>\n\n\n\n<p>\ud83d\udce2 K\u0131br\u0131s\u2019ta casino deneyimini en iyi \u015fekilde ya\u015famak i\u00e7in <strong>KIBRIS ZOOM SLOT\u2019u takipte kal!<\/strong><\/p>\n\n\n\n<p class=\"has-text-align-center\"><strong><a href=\"https:\/\/www.kibriszoomslot.com\/\" data-type=\"link\" data-id=\"https:\/\/www.kibriszoomslot.com\/\" target=\"_blank\" rel=\"noopener\">KIBRIS ZOOM SLOT<\/a><\/strong><\/p>\n<\/div>\n","protected":false},"excerpt":{"rendered":"<p>VIP \u00d6zel promosyonlarla ba\u015flaman\u0131n tam zaman\u0131! Y\u00fcksek oranl\u0131 bonuslarla kazanc\u0131n\u0131z\u0131 katlay\u0131n ve ki\u015fiye \u00f6zel hizmetlerle fark\u0131n\u0131z\u0131 ortaya koyun. VIP \u00fcyelerimiz [&hellip;]<\/p>\n","protected":false},"author":1,"featured_media":18,"parent":0,"menu_order":0,"comment_status":"closed","ping_status":"closed","template":"","meta":{"site-sidebar-layout":"default","site-content-layout":"","ast-site-content-layout":"","site-content-style":"default","site-sidebar-style":"default","ast-global-header-display":"","ast-banner-title-visibility":"","ast-main-header-display":"","ast-hfb-above-header-display":"","ast-hfb-below-header-display":"","ast-hfb-mobile-header-display":"","site-post-title":"disabled","ast-breadcrumbs-content":"","ast-featured-img":"disabled","footer-sml-layout":"","theme-transparent-header-meta":"","adv-header-id-meta":"","stick-header-meta":"","header-above-stick-meta":"","header-main-stick-meta":"","header-below-stick-meta":"","astra-migrate-meta-layouts":"default","ast-page-background-enabled":"default","ast-page-background-meta":{"desktop":{"background-color":"var(--ast-global-color-5)","background-image":"","background-repeat":"repeat","background-position":"center center","background-size":"auto","background-attachment":"scroll","background-type":"","background-media":"","overlay-type":"","overlay-color":"","overlay-opacity":"","overlay-gradient":""},"tablet":{"background-color":"","background-image":"","background-repeat":"repeat","background-position":"center center","background-size":"auto","background-attachment":"scroll","background-type":"","background-media":"","overlay-type":"","overlay-color":"","overlay-opacity":"","overlay-gradient":""},"mobile":{"background-color":"","background-image":"","background-repeat":"repeat","background-position":"center center","background-size":"auto","background-attachment":"scroll","background-type":"","background-media":"","overlay-type":"","overlay-color":"","overlay-opacity":"","overlay-gradient":""}},"ast-content-background-meta":{"desktop":{"background-color":"var(--ast-global-color-4)","background-image":"","background-repeat":"repeat","background-position":"center center","background-size":"auto","background-attachment":"scroll","background-type":"","background-media":"","overlay-type":"","overlay-color":"","overlay-opacity":"","overlay-gradient":""},"tablet":{"background-color":"var(--ast-global-color-4)","background-image":"","background-repeat":"repeat","background-position":"center center","background-size":"auto","background-attachment":"scroll","background-type":"","background-media":"","overlay-type":"","overlay-color":"","overlay-opacity":"","overlay-gradient":""},"mobile":{"background-color":"var(--ast-global-color-4)","background-image":"","background-repeat":"repeat","background-position":"center center","background-size":"auto","background-attachment":"scroll","background-type":"","background-media":"","overlay-type":"","overlay-color":"","overlay-opacity":"","overlay-gradient":""}},"footnotes":""},"class_list":["post-16","page","type-page","status-publish","has-post-thumbnail","hentry"],"amp_enabled":true,"_links":{"self":[{"href":"https:\/\/iveriaslot.club\/index.php\/wp-json\/wp\/v2\/pages\/16","targetHints":{"allow":["GET"]}}],"collection":[{"href":"https:\/\/iveriaslot.club\/index.php\/wp-json\/wp\/v2\/pages"}],"about":[{"href":"https:\/\/iveriaslot.club\/index.php\/wp-json\/wp\/v2\/types\/page"}],"author":[{"embeddable":true,"href":"https:\/\/iveriaslot.club\/index.php\/wp-json\/wp\/v2\/users\/1"}],"replies":[{"embeddable":true,"href":"https:\/\/iveriaslot.club\/index.php\/wp-json\/wp\/v2\/comments?post=16"}],"version-history":[{"count":3,"href":"https:\/\/iveriaslot.club\/index.php\/wp-json\/wp\/v2\/pages\/16\/revisions"}],"predecessor-version":[{"id":51,"href":"https:\/\/iveriaslot.club\/index.php\/wp-json\/wp\/v2\/pages\/16\/revisions\/51"}],"wp:featuredmedia":[{"embeddable":true,"href":"https:\/\/iveriaslot.club\/index.php\/wp-json\/wp\/v2\/media\/18"}],"wp:attachment":[{"href":"https:\/\/iveriaslot.club\/index.php\/wp-json\/wp\/v2\/media?parent=16"}],"curies":[{"name":"wp","href":"https:\/\/api.w.org\/{rel}","templated":true}]}}