{"id":25,"date":"2025-04-11T14:13:45","date_gmt":"2025-04-11T11:13:45","guid":{"rendered":"https:\/\/iveriaslot.club\/?page_id=25"},"modified":"2025-04-19T01:36:22","modified_gmt":"2025-04-18T22:36:22","slug":"iletisim","status":"publish","type":"page","link":"https:\/\/iveriaslot.club\/index.php\/iletisim\/","title":{"rendered":"\u0130leti\u015fim"},"content":{"rendered":"\n<p><strong>\u0130veriaslot ile Her Zaman Yan\u0131n\u0131zday\u0131z!<\/strong><\/p>\n\n\n\n<p><a href=\"https:\/\/iveriaslot.club\/\">\u0130veriaslot<\/a>, kullan\u0131c\u0131lar\u0131m\u0131za her zaman en y\u00fcksek kalitede hizmet sunmay\u0131 ama\u00e7layan bir platformdur. Hedefimiz, her a\u015famada kesintisiz, e\u011flenceli ve g\u00fcvenli bir oyun deneyimi sa\u011flamakt\u0131r. Herhangi bir sorunuz, geri bildiriminiz veya yard\u0131ma ihtiya\u00e7 duydu\u011funuz her durumda bizimle ileti\u015fime ge\u00e7mek olduk\u00e7a basittir. A\u015fa\u011f\u0131da, bizlere ula\u015fman\u0131n farkl\u0131 yollar\u0131n\u0131 bulabilirsiniz.<\/p>\n\n\n\n<h3 class=\"wp-block-heading\" id=\"h-bize-ulasmanin-yollari\"><strong>Bize Ula\u015fman\u0131n Yollar\u0131:<\/strong><\/h3>\n\n\n\n<p>\ud83d\udce7 <strong>E-posta:<\/strong> \u0130htiyac\u0131n\u0131z olan her t\u00fcrl\u00fc deste\u011fi almak i\u00e7in <a href=\"https:\/\/heylink.me\/k\u0131br\u0131szoom\/\" target=\"_blank\" rel=\"noopener\">support@iveriaslot.com<\/a> adresine e-posta g\u00f6nderebilirsiniz. Uzman destek ekibimiz, iletti\u011finiz mesajlara en h\u0131zl\u0131 \u015fekilde geri d\u00f6nerek her t\u00fcrl\u00fc \u00f6neri, \u015fikayet veya geri bildiriminizi dikkate alacakt\u0131r. \u0130leti\u015fiminiz bizim i\u00e7in b\u00fcy\u00fck bir \u00f6nem ta\u015f\u0131yor ve her konuda size yard\u0131mc\u0131 olmak i\u00e7in her zaman haz\u0131r\u0131z. En iyi hizmeti sunabilmek ad\u0131na, her ad\u0131mda yan\u0131n\u0131zday\u0131z.<\/p>\n\n\n\n<p>\ud83d\udcde <strong>Telefon:<\/strong> Canl\u0131 destek hatt\u0131m\u0131z \u00fczerinden h\u0131zl\u0131 bir \u015fekilde yard\u0131m alabilirsiniz. Telefon numaram\u0131z: <a href=\"https:\/\/api.whatsapp.com\/send\/?phone=447561632082&amp;text&amp;type=phone_number&amp;app_absent=0\" target=\"_blank\" rel=\"noopener\">+90 123 456 7890<\/a>. M\u00fc\u015fteri hizmetlerimiz, telefonla yap\u0131lan ba\u015fvurulara her zaman h\u0131zl\u0131 ve etkili bir \u015fekilde cevap verir. Acil bir durumda, \u00e7\u00f6z\u00fcm\u00fc an\u0131nda sunaca\u011f\u0131z. B\u00f6ylece, her t\u00fcrl\u00fc sorununuzu en h\u0131zl\u0131 \u015fekilde \u00e7\u00f6z\u00fcme kavu\u015fturabiliriz.<\/p>\n\n\n\n<p>\ud83d\udcac <strong>Canl\u0131 Destek:<\/strong> Web sitemizdeki Canl\u0131 Destek \u00f6zelli\u011fi sayesinde, sorular\u0131n\u0131za an\u0131nda cevap verebiliyoruz. 7\/24 hizmet veren uzman ekibimiz, kar\u015f\u0131la\u015ft\u0131\u011f\u0131n\u0131z her t\u00fcrl\u00fc sorun i\u00e7in anl\u0131k destek sunmak \u00fczere her zaman haz\u0131rd\u0131r. B\u00f6ylece, oyun keyfinizin kesintiye u\u011framadan devam etmesi i\u00e7in t\u00fcm ihtiya\u00e7lar\u0131n\u0131za h\u0131zl\u0131ca \u00e7\u00f6z\u00fcm getirebiliriz. Canl\u0131 destek, oyunlarla ilgili ya\u015fad\u0131\u011f\u0131n\u0131z her t\u00fcrl\u00fc problem i\u00e7in en ideal \u00e7\u00f6z\u00fcm yoludur.<\/p>\n\n\n\n<p>\ud83c\udf10 <strong>Web Sitemiz:<\/strong> \u0130veriaslot hakk\u0131nda daha fazla bilgi edinmek, oyunlar\u0131m\u0131z\u0131 ke\u015ffetmek ve en g\u00fcncel kampanyalar\u0131m\u0131zdan haberdar olmak i\u00e7in <strong><a href=\"https:\/\/heylink.me\/k\u0131br\u0131szoom\/\" target=\"_blank\" rel=\"noopener\">www.iveriaslot.com<\/a><\/strong> adresini ziyaret edebilirsiniz. Web sitemiz, kullan\u0131c\u0131 dostu aray\u00fcz\u00fc sayesinde her zaman kolayca eri\u015filebilir. Burada, t\u00fcm hizmetlerimize kolayca eri\u015febilir ve yeni f\u0131rsatlar hakk\u0131nda bilgi edinebilirsiniz. Ayr\u0131ca, web sitemiz \u00fczerinden bizimle ileti\u015fime ge\u00e7ebilirsiniz. Bu sayede, sitemize kolayca eri\u015ferek oyun deneyiminizi bir ad\u0131m \u00f6teye ta\u015f\u0131yabilirsiniz.<\/p>\n\n\n\n<h3 class=\"wp-block-heading\" id=\"h-fiziksel-adres\"><strong>Fiziksel Adres:<\/strong><\/h3>\n\n\n\n<p>E\u011fer K\u0131br\u0131s\u2019ta bulunan ofisimize gelerek y\u00fcz y\u00fcze destek almak isterseniz, a\u015fa\u011f\u0131daki adres \u00fczerinden bizimle ileti\u015fime ge\u00e7ebilirsiniz:<\/p>\n\n\n\n<p><strong>Adres:<\/strong><br>K\u0131br\u0131s, Lefko\u015fa, 101. Sokak, No: 15, 2. Kat, 56789.<br>Y\u00fcz y\u00fcze destek hizmetimizle ilgili daha fazla bilgi almak i\u00e7in bizimle ileti\u015fime ge\u00e7ebilirsiniz. G\u00fcler y\u00fczl\u00fc ekibimiz, her zaman sizlere yard\u0131mc\u0131 olmaktan mutluluk duyacakt\u0131r. Ofisimize gelerek, oyun deneyiminizi daha yak\u0131ndan ke\u015ffetme f\u0131rsat\u0131na da sahip olabilirsiniz.<\/p>\n\n\n\n<h3 class=\"wp-block-heading\" id=\"h-sosyal-medya\"><strong>Sosyal Medya:<\/strong><\/h3>\n\n\n\n<p>En son haberler, kampanyalar ve promosyonlar hakk\u0131nda an\u0131nda bilgi sahibi olmak i\u00e7in sosyal medya platformlar\u0131m\u0131z\u0131 takip edebilirsiniz. Her zaman sorular\u0131n\u0131z\u0131 ileterek bizimle etkile\u015fime ge\u00e7ebilirsiniz. Ay\u0131ca sosyal medya \u00fczerinden bizimle ileti\u015fim kurmak son derece kolayd\u0131r! Bu kanallar \u00fczerinden daha yak\u0131n bir ba\u011flant\u0131 kurarak oyunlar\u0131m\u0131z hakk\u0131nda daha fazla bilgi edinebilirsiniz.<\/p>\n\n\n\n<p><strong>Facebook<\/strong><br><strong>Whatsapp<\/strong>: <a href=\"https:\/\/api.whatsapp.com\/send\/?phone=447561632082&amp;text&amp;type=phone_number&amp;app_absent=0\" target=\"_blank\" rel=\"noopener\">whatsapp.com\/iveriaslot<\/a><br><strong>Instagram<\/strong>: <a href=\"https:\/\/www.instagram.com\/kibris_zoomslot\/\" target=\"_blank\" rel=\"noopener\">instagram.com\/iveriaslot<\/a><br><strong>Twitter<\/strong>: <a href=\"https:\/\/x.com\/kibriszoomslot\">twitter.com\/iveriaslot<\/a><br><strong>YouTube<\/strong>: <a href=\"https:\/\/www.youtube.com\/@zoomslotkibris\" target=\"_blank\" rel=\"noopener\">youtube.com\/iveriaslot<\/a><\/p>\n\n\n\n<h3 class=\"wp-block-heading\" id=\"h-bizimle-iletisime-gecin\"><strong>Bizimle \u0130leti\u015fime Ge\u00e7in:<\/strong><\/h3>\n\n\n\n<p>Sorular\u0131n\u0131z\u0131 yan\u0131tlamak, g\u00f6r\u00fc\u015flerinizi dinlemek ve deneyiminizi daha da zenginle\u015ftirmek i\u00e7in her zaman yan\u0131n\u0131zday\u0131z. \u0130veriaslot sadece bir oyun platformu de\u011fil, ayn\u0131 zamanda unutulmaz bir deneyim sunmay\u0131 ama\u00e7layan bir markad\u0131r. Hedefimiz, size g\u00fcvenli, kesintisiz ve keyifli bir oyun ortam\u0131 sunarak oyun keyfinizi her zaman bir ad\u0131m \u00f6teye ta\u015f\u0131makt\u0131r.<\/p>\n\n\n\n<p>Her zaman yan\u0131n\u0131zda olmay\u0131 taahh\u00fct ediyoruz. Oyun deneyiminizle ilgili kar\u015f\u0131la\u015ft\u0131\u011f\u0131n\u0131z her t\u00fcrl\u00fc sorunu \u00e7\u00f6zmek i\u00e7in buraday\u0131z. \u0130leti\u015fim kanallar\u0131m\u0131z \u00fczerinden bize ula\u015farak, ihtiya\u00e7 duydu\u011funuz her an destek alabilirsiniz. Hem telefonla hem de yaz\u0131l\u0131 olarak her zaman size yard\u0131mc\u0131 olmaktan mutluluk duyar\u0131z.<\/p>\n\n\n\n<p>G\u00fcvenli, sorumlu ve heyecan dolu bir oyun d\u00fcnyas\u0131nda her zaman yan\u0131n\u0131zda olmay\u0131 b\u00fcy\u00fck bir memnuniyetle kar\u015f\u0131l\u0131yoruz. \u0130veriaslot, her zaman m\u00fckemmel bir deneyim sunmay\u0131 hedefler. Ayn\u0131 zamanda sizlere bir ad\u0131m daha yak\u0131n olmay\u0131 ama\u00e7lar. Bu nedenle, ihtiya\u00e7 duydu\u011funuz her an bizimle kolayca ileti\u015fime ge\u00e7ebilirsiniz.<\/p>\n\n\n\n<p>Herhangi bir sorunuz veya geri bildiriminiz oldu\u011funda, bizimle hemen ileti\u015fim kurabilirsiniz. Bizimle ileti\u015fime ge\u00e7mek, yaln\u0131zca sorular\u0131n\u0131z\u0131 \u00e7\u00f6zmekle kalmaz, ayn\u0131 zamanda oyun d\u00fcnyas\u0131ndaki t\u00fcm yeniliklere de ad\u0131m atman\u0131z\u0131 sa\u011flar. \u0130veriaslot olarak, her zaman daha iyi bir deneyim sunmay\u0131 ama\u00e7l\u0131yor ve sizlere en iyi hizmeti sunmay\u0131 taahh\u00fct ediyoruz.<\/p>\n","protected":false},"excerpt":{"rendered":"<p>\u0130veriaslot ile Her Zaman Yan\u0131n\u0131zday\u0131z! \u0130veriaslot, kullan\u0131c\u0131lar\u0131m\u0131za her zaman en y\u00fcksek kalitede hizmet sunmay\u0131 ama\u00e7layan bir platformdur. Hedefimiz, her a\u015famada [&hellip;]<\/p>\n","protected":false},"author":1,"featured_media":18,"parent":0,"menu_order":0,"comment_status":"closed","ping_status":"closed","template":"","meta":{"site-sidebar-layout":"default","site-content-layout":"","ast-site-content-layout":"","site-content-style":"default","site-sidebar-style":"default","ast-global-header-display":"","ast-banner-title-visibility":"","ast-main-header-display":"","ast-hfb-above-header-display":"","ast-hfb-below-header-display":"","ast-hfb-mobile-header-display":"","site-post-title":"","ast-breadcrumbs-content":"","ast-featured-img":"disabled","footer-sml-layout":"","theme-transparent-header-meta":"","adv-header-id-meta":"","stick-header-meta":"","header-above-stick-meta":"","header-main-stick-meta":"","header-below-stick-meta":"","astra-migrate-meta-layouts":"default","ast-page-background-enabled":"default","ast-page-background-meta":{"desktop":{"background-color":"var(--ast-global-color-5)","background-image":"","background-repeat":"repeat","background-position":"center center","background-size":"auto","background-attachment":"scroll","background-type":"","background-media":"","overlay-type":"","overlay-color":"","overlay-opacity":"","overlay-gradient":""},"tablet":{"background-color":"","background-image":"","background-repeat":"repeat","background-position":"center center","background-size":"auto","background-attachment":"scroll","background-type":"","background-media":"","overlay-type":"","overlay-color":"","overlay-opacity":"","overlay-gradient":""},"mobile":{"background-color":"","background-image":"","background-repeat":"repeat","background-position":"center center","background-size":"auto","background-attachment":"scroll","background-type":"","background-media":"","overlay-type":"","overlay-color":"","overlay-opacity":"","overlay-gradient":""}},"ast-content-background-meta":{"desktop":{"background-color":"var(--ast-global-color-4)","background-image":"","background-repeat":"repeat","background-position":"center center","background-size":"auto","background-attachment":"scroll","background-type":"","background-media":"","overlay-type":"","overlay-color":"","overlay-opacity":"","overlay-gradient":""},"tablet":{"background-color":"var(--ast-global-color-4)","background-image":"","background-repeat":"repeat","background-position":"center center","background-size":"auto","background-attachment":"scroll","background-type":"","background-media":"","overlay-type":"","overlay-color":"","overlay-opacity":"","overlay-gradient":""},"mobile":{"background-color":"var(--ast-global-color-4)","background-image":"","background-repeat":"repeat","background-position":"center center","background-size":"auto","background-attachment":"scroll","background-type":"","background-media":"","overlay-type":"","overlay-color":"","overlay-opacity":"","overlay-gradient":""}},"footnotes":""},"class_list":["post-25","page","type-page","status-publish","has-post-thumbnail","hentry"],"amp_enabled":true,"_links":{"self":[{"href":"https:\/\/iveriaslot.club\/index.php\/wp-json\/wp\/v2\/pages\/25","targetHints":{"allow":["GET"]}}],"collection":[{"href":"https:\/\/iveriaslot.club\/index.php\/wp-json\/wp\/v2\/pages"}],"about":[{"href":"https:\/\/iveriaslot.club\/index.php\/wp-json\/wp\/v2\/types\/page"}],"author":[{"embeddable":true,"href":"https:\/\/iveriaslot.club\/index.php\/wp-json\/wp\/v2\/users\/1"}],"replies":[{"embeddable":true,"href":"https:\/\/iveriaslot.club\/index.php\/wp-json\/wp\/v2\/comments?post=25"}],"version-history":[{"count":2,"href":"https:\/\/iveriaslot.club\/index.php\/wp-json\/wp\/v2\/pages\/25\/revisions"}],"predecessor-version":[{"id":55,"href":"https:\/\/iveriaslot.club\/index.php\/wp-json\/wp\/v2\/pages\/25\/revisions\/55"}],"wp:featuredmedia":[{"embeddable":true,"href":"https:\/\/iveriaslot.club\/index.php\/wp-json\/wp\/v2\/media\/18"}],"wp:attachment":[{"href":"https:\/\/iveriaslot.club\/index.php\/wp-json\/wp\/v2\/media?parent=25"}],"curies":[{"name":"wp","href":"https:\/\/api.w.org\/{rel}","templated":true}]}}