{"id":28,"date":"2025-04-11T14:14:56","date_gmt":"2025-04-11T11:14:56","guid":{"rendered":"https:\/\/iveriaslot.club\/?page_id=28"},"modified":"2025-04-19T01:37:02","modified_gmt":"2025-04-18T22:37:02","slug":"misyonumuz","status":"publish","type":"page","link":"https:\/\/iveriaslot.club\/index.php\/misyonumuz\/","title":{"rendered":"Misyonumuz"},"content":{"rendered":"\n<p><a href=\"https:\/\/iveriaslot.club\/\">\u0130veriaslot<\/a>, her oyuncuya g\u00fcvenli, e\u011flenceli ve kazan\u00e7 odakl\u0131 bir casino deneyimi sunmay\u0131 sa\u011flar. K\u0131br\u0131s\u2019\u0131n en prestijli casino otelleri, pop\u00fcler slot oyunlar\u0131 ve masa oyunlar\u0131yla zenginle\u015ftirilmi\u015f kaliteli hizmeti tek bir platformda birle\u015ftirir ve b\u00f6ylece yaln\u0131zca oyun sunmakla kalmaz, ayn\u0131 zamanda unutulmaz bir deneyim ya\u015fat\u0131r.<\/p>\n\n\n\n<p>Kullan\u0131c\u0131 dostu aray\u00fcz\u00fcm\u00fcz sayesinde, y\u00fcksek kazan\u00e7 oranlar\u0131m\u0131zdan, h\u0131zl\u0131 \u00f6deme se\u00e7eneklerimizden ve 7\/24 kesintisiz destek hizmetimizden kolayca faydalanabilirsiniz. Her oyuncunun beklentilerini en y\u00fcksek seviyede kar\u015f\u0131lamak i\u00e7in her ad\u0131mda yan\u0131n\u0131zday\u0131z. \u0130veriaslot, oyun keyfinizi s\u00fcrekli olarak art\u0131ran bir platform sunar. Oyun oynaman\u0131n \u00f6tesine ge\u00e7erek, yeni nesil bir casino deneyimi sa\u011flamay\u0131 hedefliyoruz.<\/p>\n\n\n\n<p>M\u00fc\u015fteri memnuniyetini her zaman \u00f6n planda tutar\u0131z. Bu nedenle, \u0130veriaslot\u2019u yaln\u0131zca bir oyun platformu olarak de\u011filiz. Ayn\u0131 zamanda oyuncular\u0131m\u0131za de\u011ferli bilgiler, cazip bonuslar ve VIP ayr\u0131cal\u0131klar\u0131yla zenginle\u015ftirilmi\u015f bir deneyim alan\u0131 olarak sunar\u0131z. 7\/24 canl\u0131 destek ekibimiz, sorular\u0131n\u0131za h\u0131zl\u0131ca yan\u0131t verir ve g\u00fcvenli bir ortamda, an\u0131nda \u00e7\u00f6z\u00fcm sunar. Bu sayede, her an size yard\u0131mc\u0131 olmaktan mutluluk duyar\u0131z.<\/p>\n\n\n\n<p>Her oyuncu bizim i\u00e7in son derece \u00f6nemlidir. Bu sebeple, \u0130veriaslot ki\u015fiye \u00f6zel \u00e7\u00f6z\u00fcmler, h\u0131zl\u0131 \u00e7ekim olanaklar\u0131 ve g\u00fcvenli altyap\u0131s\u0131 ile fark yarat\u0131r. G\u00fcvenli\u011fi ve gizlili\u011fi her zaman \u00f6n planda tutarak, sorumlu oyun anlay\u0131\u015f\u0131m\u0131zla \u00f6n planda oluruz. B\u00f6ylece m\u00fc\u015fterilerimize e\u011flenceli ve g\u00fcvenli bir ortam sunar\u0131z.<\/p>\n\n\n\n<p>Teknolojiye uyumlu bir \u015fekilde s\u00fcrekli olarak yeni oyun se\u00e7enekleri, \u00f6zel promosyonlar ve ki\u015fiye \u00f6zel hizmetler sunar\u0131z. B\u00f6ylece, her oyuncumuzun ihtiya\u00e7lar\u0131n\u0131 kar\u015f\u0131layarak, casino d\u00fcnyas\u0131nda istedikleri deneyimi bulabilmesini sa\u011flar\u0131z. Hedefimiz, oyuncular\u0131m\u0131za g\u00fcvenilir, e\u011flenceli ve kazan\u00e7l\u0131 bir platform sunmay\u0131 sa\u011flar. B\u00f6ylece, \u0130veriaslot\u2019u en iyi casino deneyimi i\u00e7in tercih edilen bir alan haline getirmektir.<\/p>\n\n\n\n<p>Sonu\u00e7 olarak, \u0130veriaslot yaln\u0131zca bir casino de\u011fildir. Kazan\u00e7lar\u0131 art\u0131ran, g\u00fcvenli\u011fi sa\u011flayan ve kesintisiz e\u011flence sunan bir deneyim ya\u015fatmak i\u00e7in buraday\u0131z.<\/p>\n\n\n\n<p>K\u0131br\u0131s\u2019ta casino deneyimini en iyi \u015fekilde ya\u015famak i\u00e7in&nbsp;<strong>KIBRIS ZOOM SLOT\u2019u takipte kal!<\/strong>&nbsp;<a href=\"https:\/\/www.kibriszoomslot.com\/\" target=\"_blank\" rel=\"noopener\">K\u0131br\u0131s Zoom Slot<\/a><\/p>\n","protected":false},"excerpt":{"rendered":"<p>\u0130veriaslot, her oyuncuya g\u00fcvenli, e\u011flenceli ve kazan\u00e7 odakl\u0131 bir casino deneyimi sunmay\u0131 sa\u011flar. K\u0131br\u0131s\u2019\u0131n en prestijli casino otelleri, pop\u00fcler slot [&hellip;]<\/p>\n","protected":false},"author":1,"featured_media":18,"parent":0,"menu_order":0,"comment_status":"closed","ping_status":"closed","template":"","meta":{"site-sidebar-layout":"default","site-content-layout":"","ast-site-content-layout":"","site-content-style":"default","site-sidebar-style":"default","ast-global-header-display":"","ast-banner-title-visibility":"","ast-main-header-display":"","ast-hfb-above-header-display":"","ast-hfb-below-header-display":"","ast-hfb-mobile-header-display":"","site-post-title":"","ast-breadcrumbs-content":"","ast-featured-img":"disabled","footer-sml-layout":"","theme-transparent-header-meta":"","adv-header-id-meta":"","stick-header-meta":"","header-above-stick-meta":"","header-main-stick-meta":"","header-below-stick-meta":"","astra-migrate-meta-layouts":"default","ast-page-background-enabled":"default","ast-page-background-meta":{"desktop":{"background-color":"var(--ast-global-color-5)","background-image":"","background-repeat":"repeat","background-position":"center center","background-size":"auto","background-attachment":"scroll","background-type":"","background-media":"","overlay-type":"","overlay-color":"","overlay-opacity":"","overlay-gradient":""},"tablet":{"background-color":"","background-image":"","background-repeat":"repeat","background-position":"center center","background-size":"auto","background-attachment":"scroll","background-type":"","background-media":"","overlay-type":"","overlay-color":"","overlay-opacity":"","overlay-gradient":""},"mobile":{"background-color":"","background-image":"","background-repeat":"repeat","background-position":"center center","background-size":"auto","background-attachment":"scroll","background-type":"","background-media":"","overlay-type":"","overlay-color":"","overlay-opacity":"","overlay-gradient":""}},"ast-content-background-meta":{"desktop":{"background-color":"var(--ast-global-color-4)","background-image":"","background-repeat":"repeat","background-position":"center center","background-size":"auto","background-attachment":"scroll","background-type":"","background-media":"","overlay-type":"","overlay-color":"","overlay-opacity":"","overlay-gradient":""},"tablet":{"background-color":"var(--ast-global-color-4)","background-image":"","background-repeat":"repeat","background-position":"center center","background-size":"auto","background-attachment":"scroll","background-type":"","background-media":"","overlay-type":"","overlay-color":"","overlay-opacity":"","overlay-gradient":""},"mobile":{"background-color":"var(--ast-global-color-4)","background-image":"","background-repeat":"repeat","background-position":"center center","background-size":"auto","background-attachment":"scroll","background-type":"","background-media":"","overlay-type":"","overlay-color":"","overlay-opacity":"","overlay-gradient":""}},"footnotes":""},"class_list":["post-28","page","type-page","status-publish","has-post-thumbnail","hentry"],"amp_enabled":true,"_links":{"self":[{"href":"https:\/\/iveriaslot.club\/index.php\/wp-json\/wp\/v2\/pages\/28","targetHints":{"allow":["GET"]}}],"collection":[{"href":"https:\/\/iveriaslot.club\/index.php\/wp-json\/wp\/v2\/pages"}],"about":[{"href":"https:\/\/iveriaslot.club\/index.php\/wp-json\/wp\/v2\/types\/page"}],"author":[{"embeddable":true,"href":"https:\/\/iveriaslot.club\/index.php\/wp-json\/wp\/v2\/users\/1"}],"replies":[{"embeddable":true,"href":"https:\/\/iveriaslot.club\/index.php\/wp-json\/wp\/v2\/comments?post=28"}],"version-history":[{"count":2,"href":"https:\/\/iveriaslot.club\/index.php\/wp-json\/wp\/v2\/pages\/28\/revisions"}],"predecessor-version":[{"id":57,"href":"https:\/\/iveriaslot.club\/index.php\/wp-json\/wp\/v2\/pages\/28\/revisions\/57"}],"wp:featuredmedia":[{"embeddable":true,"href":"https:\/\/iveriaslot.club\/index.php\/wp-json\/wp\/v2\/media\/18"}],"wp:attachment":[{"href":"https:\/\/iveriaslot.club\/index.php\/wp-json\/wp\/v2\/media?parent=28"}],"curies":[{"name":"wp","href":"https:\/\/api.w.org\/{rel}","templated":true}]}}